{"id":1961,"date":"2023-04-29T09:39:17","date_gmt":"2023-04-29T07:39:17","guid":{"rendered":"https:\/\/jeux-nicolevaldelievre.eu\/die-schoepferinnen\/"},"modified":"2023-06-14T20:58:21","modified_gmt":"2023-06-14T18:58:21","slug":"die-schoepferinnen","status":"publish","type":"page","link":"https:\/\/jeux-nicolevaldelievre.eu\/de\/die-schoepferinnen\/","title":{"rendered":"Die Sch\u00f6pferinnen"},"content":{"rendered":"\t\t<div data-elementor-type=\"wp-page\" data-elementor-id=\"1961\" class=\"elementor elementor-1961 elementor-32\" data-elementor-post-type=\"page\">\n\t\t\t\t<div class=\"elementor-element elementor-element-0dfa09a e-flex e-con-boxed e-con e-parent\" data-id=\"0dfa09a\" data-element_type=\"container\" data-settings=\"{&quot;background_background&quot;:&quot;classic&quot;}\">\n\t\t\t\t\t<div class=\"e-con-inner\">\n\t\t<div class=\"elementor-element elementor-element-c1eb42d e-con-full e-flex e-con e-parent\" data-id=\"c1eb42d\" data-element_type=\"container\">\n\t\t\t\t<div class=\"elementor-element elementor-element-57167d1 elementor-widget elementor-widget-heading\" data-id=\"57167d1\" data-element_type=\"widget\" data-widget_type=\"heading.default\">\n\t\t\t\t<div class=\"elementor-widget-container\">\n\t\t\t\n<style>\/*! elementor - v3.23.0 - 05-08-2024 *\/\n.elementor-heading-title{padding:0;margin:0;line-height:1}.elementor-widget-heading .elementor-heading-title[class*=elementor-size-]>a{color:inherit;font-size:inherit;line-height:inherit}.elementor-widget-heading .elementor-heading-title.elementor-size-small{font-size:15px}.elementor-widget-heading .elementor-heading-title.elementor-size-medium{font-size:19px}.elementor-widget-heading .elementor-heading-title.elementor-size-large{font-size:29px}.elementor-widget-heading .elementor-heading-title.elementor-size-xl{font-size:39px}.elementor-widget-heading .elementor-heading-title.elementor-size-xxl{font-size:59px}<\/style>\n<h2 class=\"elementor-heading-title elementor-size-default\">Die Sch\u00f6pferinnen: <br>Nicole <br>& Dominique<\/h2>\t\t<\/div>\n\t\t\t\t<\/div>\n\t\t\t\t<div class=\"elementor-element elementor-element-312dd60 elementor-widget elementor-widget-spacer\" data-id=\"312dd60\" data-element_type=\"widget\" data-widget_type=\"spacer.default\">\n\t\t\t\t<div class=\"elementor-widget-container\">\n\t\t\t\n<style>\/*! elementor - v3.23.0 - 05-08-2024 *\/\n.elementor-column .elementor-spacer-inner{height:var(--spacer-size)}.e-con{--container-widget-width:100%}.e-con-inner>.elementor-widget-spacer,.e-con>.elementor-widget-spacer{width:var(--container-widget-width,var(--spacer-size));--align-self:var(--container-widget-align-self,initial);--flex-shrink:0}.e-con-inner>.elementor-widget-spacer>.elementor-widget-container,.e-con>.elementor-widget-spacer>.elementor-widget-container{height:100%;width:100%}.e-con-inner>.elementor-widget-spacer>.elementor-widget-container>.elementor-spacer,.e-con>.elementor-widget-spacer>.elementor-widget-container>.elementor-spacer{height:100%}.e-con-inner>.elementor-widget-spacer>.elementor-widget-container>.elementor-spacer>.elementor-spacer-inner,.e-con>.elementor-widget-spacer>.elementor-widget-container>.elementor-spacer>.elementor-spacer-inner{height:var(--container-widget-height,var(--spacer-size))}.e-con-inner>.elementor-widget-spacer.elementor-widget-empty,.e-con>.elementor-widget-spacer.elementor-widget-empty{position:relative;min-height:22px;min-width:22px}.e-con-inner>.elementor-widget-spacer.elementor-widget-empty .elementor-widget-empty-icon,.e-con>.elementor-widget-spacer.elementor-widget-empty .elementor-widget-empty-icon{position:absolute;top:0;bottom:0;left:0;right:0;margin:auto;padding:0;width:22px;height:22px}<\/style>\n\t\t<div class=\"elementor-spacer\">\n\t\t\t<div class=\"elementor-spacer-inner\"><\/div>\n\t\t<\/div>\n\t\t\t\t<\/div>\n\t\t\t\t<\/div>\n\t\t\t\t<div class=\"elementor-element elementor-element-ccc03ee elementor-widget elementor-widget-text-editor\" data-id=\"ccc03ee\" data-element_type=\"widget\" data-widget_type=\"text-editor.default\">\n\t\t\t\t<div class=\"elementor-widget-container\">\n\t\t\t\n<style>\/*! elementor - v3.23.0 - 05-08-2024 *\/\n.elementor-widget-text-editor.elementor-drop-cap-view-stacked .elementor-drop-cap{background-color:#69727d;color:#fff}.elementor-widget-text-editor.elementor-drop-cap-view-framed .elementor-drop-cap{color:#69727d;border:3px solid;background-color:transparent}.elementor-widget-text-editor:not(.elementor-drop-cap-view-default) .elementor-drop-cap{margin-top:8px}.elementor-widget-text-editor:not(.elementor-drop-cap-view-default) .elementor-drop-cap-letter{width:1em;height:1em}.elementor-widget-text-editor .elementor-drop-cap{float:left;text-align:center;line-height:1;font-size:50px}.elementor-widget-text-editor .elementor-drop-cap-letter{display:inline-block}<\/style>\n\t\t\t\t<p>Es ist die Geschichte zweier Freundinnen, die in Stra\u00dfburg wohnen: Nicole und Dominique, die zusammen einen wertvollen Lernmaterialentwurf kreierten.<\/p>\t\t\t\t\t\t<\/div>\n\t\t\t\t<\/div>\n\t\t\t\t<\/div>\n\t\t<div class=\"elementor-element elementor-element-0de172a e-con-full e-flex e-con e-parent\" data-id=\"0de172a\" data-element_type=\"container\">\n\t\t\t\t<div class=\"elementor-element elementor-element-54ba118 elementor-widget elementor-widget-image\" data-id=\"54ba118\" data-element_type=\"widget\" data-widget_type=\"image.default\">\n\t\t\t\t<div class=\"elementor-widget-container\">\n\t\t\t\n<style>\/*! elementor - v3.23.0 - 05-08-2024 *\/\n.elementor-widget-image{text-align:center}.elementor-widget-image a{display:inline-block}.elementor-widget-image a img[src$=\".svg\"]{width:48px}.elementor-widget-image img{vertical-align:middle;display:inline-block}<\/style>\n\t\t\t\t\t\t\t\t\t\t<img loading=\"lazy\" decoding=\"async\" width=\"669\" height=\"791\" src=\"https:\/\/jeux-nicolevaldelievre.eu\/wp-content\/uploads\/creatrices-nicole-valdelievre.jpg\" class=\"attachment-full size-full wp-image-1462\" alt=\"\" srcset=\"https:\/\/jeux-nicolevaldelievre.eu\/wp-content\/uploads\/creatrices-nicole-valdelievre.jpg 669w, https:\/\/jeux-nicolevaldelievre.eu\/wp-content\/uploads\/creatrices-nicole-valdelievre-254x300.jpg 254w\" sizes=\"auto, (max-width: 669px) 100vw, 669px\" \/>\t\t\t\t\t\t\t\t\t\t\t\t\t<\/div>\n\t\t\t\t<\/div>\n\t\t\t\t<div class=\"elementor-element elementor-element-d3b82a8 elementor-widget__width-initial elementor-widget elementor-widget-text-editor\" data-id=\"d3b82a8\" data-element_type=\"widget\" data-widget_type=\"text-editor.default\">\n\t\t\t\t<div class=\"elementor-widget-container\">\n\t\t\t\t\t\t\t<p>Als unter anderem ehemalige Lehrerin in Waldorfschulen, wurde es Nicole bewusst, wie wichtig das p\u00e4dagogische Lernmaterial im Unterricht ist. Sie wollte ein unterhaltsames Spiel kreieren, das Kinder miteinander verbindet und dazu einl\u00e4dt gemeinsam eine neue Sprache zu lernen.<\/p>\t\t\t\t\t\t<\/div>\n\t\t\t\t<\/div>\n\t\t\t\t<div class=\"elementor-element elementor-element-1ff95f6 elementor-widget-divider--view-line elementor-widget elementor-widget-divider\" data-id=\"1ff95f6\" data-element_type=\"widget\" data-widget_type=\"divider.default\">\n\t\t\t\t<div class=\"elementor-widget-container\">\n\t\t\t\n<style>\/*! elementor - v3.23.0 - 05-08-2024 *\/\n.elementor-widget-divider{--divider-border-style:none;--divider-border-width:1px;--divider-color:#0c0d0e;--divider-icon-size:20px;--divider-element-spacing:10px;--divider-pattern-height:24px;--divider-pattern-size:20px;--divider-pattern-url:none;--divider-pattern-repeat:repeat-x}.elementor-widget-divider .elementor-divider{display:flex}.elementor-widget-divider .elementor-divider__text{font-size:15px;line-height:1;max-width:95%}.elementor-widget-divider .elementor-divider__element{margin:0 var(--divider-element-spacing);flex-shrink:0}.elementor-widget-divider .elementor-icon{font-size:var(--divider-icon-size)}.elementor-widget-divider .elementor-divider-separator{display:flex;margin:0;direction:ltr}.elementor-widget-divider--view-line_icon .elementor-divider-separator,.elementor-widget-divider--view-line_text .elementor-divider-separator{align-items:center}.elementor-widget-divider--view-line_icon .elementor-divider-separator:after,.elementor-widget-divider--view-line_icon .elementor-divider-separator:before,.elementor-widget-divider--view-line_text .elementor-divider-separator:after,.elementor-widget-divider--view-line_text .elementor-divider-separator:before{display:block;content:\"\";border-block-end:0;flex-grow:1;border-block-start:var(--divider-border-width) var(--divider-border-style) var(--divider-color)}.elementor-widget-divider--element-align-left .elementor-divider .elementor-divider-separator>.elementor-divider__svg:first-of-type{flex-grow:0;flex-shrink:100}.elementor-widget-divider--element-align-left .elementor-divider-separator:before{content:none}.elementor-widget-divider--element-align-left .elementor-divider__element{margin-left:0}.elementor-widget-divider--element-align-right .elementor-divider .elementor-divider-separator>.elementor-divider__svg:last-of-type{flex-grow:0;flex-shrink:100}.elementor-widget-divider--element-align-right .elementor-divider-separator:after{content:none}.elementor-widget-divider--element-align-right .elementor-divider__element{margin-right:0}.elementor-widget-divider--element-align-start .elementor-divider .elementor-divider-separator>.elementor-divider__svg:first-of-type{flex-grow:0;flex-shrink:100}.elementor-widget-divider--element-align-start .elementor-divider-separator:before{content:none}.elementor-widget-divider--element-align-start .elementor-divider__element{margin-inline-start:0}.elementor-widget-divider--element-align-end .elementor-divider .elementor-divider-separator>.elementor-divider__svg:last-of-type{flex-grow:0;flex-shrink:100}.elementor-widget-divider--element-align-end .elementor-divider-separator:after{content:none}.elementor-widget-divider--element-align-end .elementor-divider__element{margin-inline-end:0}.elementor-widget-divider:not(.elementor-widget-divider--view-line_text):not(.elementor-widget-divider--view-line_icon) .elementor-divider-separator{border-block-start:var(--divider-border-width) var(--divider-border-style) var(--divider-color)}.elementor-widget-divider--separator-type-pattern{--divider-border-style:none}.elementor-widget-divider--separator-type-pattern.elementor-widget-divider--view-line .elementor-divider-separator,.elementor-widget-divider--separator-type-pattern:not(.elementor-widget-divider--view-line) .elementor-divider-separator:after,.elementor-widget-divider--separator-type-pattern:not(.elementor-widget-divider--view-line) .elementor-divider-separator:before,.elementor-widget-divider--separator-type-pattern:not([class*=elementor-widget-divider--view]) .elementor-divider-separator{width:100%;min-height:var(--divider-pattern-height);-webkit-mask-size:var(--divider-pattern-size) 100%;mask-size:var(--divider-pattern-size) 100%;-webkit-mask-repeat:var(--divider-pattern-repeat);mask-repeat:var(--divider-pattern-repeat);background-color:var(--divider-color);-webkit-mask-image:var(--divider-pattern-url);mask-image:var(--divider-pattern-url)}.elementor-widget-divider--no-spacing{--divider-pattern-size:auto}.elementor-widget-divider--bg-round{--divider-pattern-repeat:round}.rtl .elementor-widget-divider .elementor-divider__text{direction:rtl}.e-con-inner>.elementor-widget-divider,.e-con>.elementor-widget-divider{width:var(--container-widget-width,100%);--flex-grow:var(--container-widget-flex-grow)}<\/style>\n\t\t<div class=\"elementor-divider\">\n\t\t\t<span class=\"elementor-divider-separator\">\n\t\t\t\t\t\t<\/span>\n\t\t<\/div>\n\t\t\t\t<\/div>\n\t\t\t\t<\/div>\n\t\t\t\t<\/div>\n\t\t\t\t\t<\/div>\n\t\t\t\t<\/div>\n\t\t<div class=\"elementor-element elementor-element-1bb93b1 e-flex e-con-boxed e-con e-parent\" data-id=\"1bb93b1\" data-element_type=\"container\" data-settings=\"{&quot;background_background&quot;:&quot;classic&quot;}\">\n\t\t\t\t\t<div class=\"e-con-inner\">\n\t\t<div class=\"elementor-element elementor-element-a6f8024 e-con-full e-flex e-con e-parent\" data-id=\"a6f8024\" data-element_type=\"container\">\n\t\t\t\t<div class=\"elementor-element elementor-element-42a0597 elementor-widget-divider--view-line elementor-widget elementor-widget-divider\" data-id=\"42a0597\" data-element_type=\"widget\" data-widget_type=\"divider.default\">\n\t\t\t\t<div class=\"elementor-widget-container\">\n\t\t\t\t\t<div class=\"elementor-divider\">\n\t\t\t<span class=\"elementor-divider-separator\">\n\t\t\t\t\t\t<\/span>\n\t\t<\/div>\n\t\t\t\t<\/div>\n\t\t\t\t<\/div>\n\t\t\t\t<div class=\"elementor-element elementor-element-113f9c0 elementor-widget elementor-widget-spacer\" data-id=\"113f9c0\" data-element_type=\"widget\" data-widget_type=\"spacer.default\">\n\t\t\t\t<div class=\"elementor-widget-container\">\n\t\t\t\t\t<div class=\"elementor-spacer\">\n\t\t\t<div class=\"elementor-spacer-inner\"><\/div>\n\t\t<\/div>\n\t\t\t\t<\/div>\n\t\t\t\t<\/div>\n\t\t\t\t<div class=\"elementor-element elementor-element-a5c2f57 elementor-widget__width-initial elementor-widget-laptop__width-initial elementor-widget elementor-widget-text-editor\" data-id=\"a5c2f57\" data-element_type=\"widget\" data-widget_type=\"text-editor.default\">\n\t\t\t\t<div class=\"elementor-widget-container\">\n\t\t\t\t\t\t\t<p>Die Gestalterin <strong>Annick Weber<\/strong><br \/>\nwar die Person, die es perfekt verstanden hat,<br \/>\ndie Kreationen in Form von Spielkarten umzusetzen.<\/p>\n<p>weber.annick.67@gmail.com<\/p>\t\t\t\t\t\t<\/div>\n\t\t\t\t<\/div>\n\t\t\t\t<div class=\"elementor-element elementor-element-71547a0 elementor-widget elementor-widget-spacer\" data-id=\"71547a0\" data-element_type=\"widget\" data-widget_type=\"spacer.default\">\n\t\t\t\t<div class=\"elementor-widget-container\">\n\t\t\t\t\t<div class=\"elementor-spacer\">\n\t\t\t<div class=\"elementor-spacer-inner\"><\/div>\n\t\t<\/div>\n\t\t\t\t<\/div>\n\t\t\t\t<\/div>\n\t\t\t\t<div class=\"elementor-element elementor-element-af00191 elementor-widget elementor-widget-image\" data-id=\"af00191\" data-element_type=\"widget\" data-widget_type=\"image.default\">\n\t\t\t\t<div class=\"elementor-widget-container\">\n\t\t\t\t\t\t\t\t\t\t\t\t\t<img loading=\"lazy\" decoding=\"async\" width=\"521\" height=\"400\" src=\"https:\/\/jeux-nicolevaldelievre.eu\/wp-content\/uploads\/creatrices-annick-weber.png\" class=\"attachment-full size-full wp-image-1458\" alt=\"\" srcset=\"https:\/\/jeux-nicolevaldelievre.eu\/wp-content\/uploads\/creatrices-annick-weber.png 521w, https:\/\/jeux-nicolevaldelievre.eu\/wp-content\/uploads\/creatrices-annick-weber-300x230.png 300w\" sizes=\"auto, (max-width: 521px) 100vw, 521px\" \/>\t\t\t\t\t\t\t\t\t\t\t\t\t<\/div>\n\t\t\t\t<\/div>\n\t\t\t\t<\/div>\n\t\t<div class=\"elementor-element elementor-element-124deab e-con-full e-flex e-con e-parent\" data-id=\"124deab\" data-element_type=\"container\">\n\t\t\t\t<div class=\"elementor-element elementor-element-64bcf5a elementor-widget elementor-widget-image\" data-id=\"64bcf5a\" data-element_type=\"widget\" data-widget_type=\"image.default\">\n\t\t\t\t<div class=\"elementor-widget-container\">\n\t\t\t\t\t\t\t\t\t\t\t\t\t<img loading=\"lazy\" decoding=\"async\" width=\"729\" height=\"702\" src=\"https:\/\/jeux-nicolevaldelievre.eu\/wp-content\/uploads\/creatrices-dominique-bach.jpg\" class=\"attachment-full size-full wp-image-1460\" alt=\"\" srcset=\"https:\/\/jeux-nicolevaldelievre.eu\/wp-content\/uploads\/creatrices-dominique-bach.jpg 729w, https:\/\/jeux-nicolevaldelievre.eu\/wp-content\/uploads\/creatrices-dominique-bach-300x289.jpg 300w\" sizes=\"auto, (max-width: 729px) 100vw, 729px\" \/>\t\t\t\t\t\t\t\t\t\t\t\t\t<\/div>\n\t\t\t\t<\/div>\n\t\t\t\t<div class=\"elementor-element elementor-element-5cfe330 elementor-widget__width-initial elementor-widget elementor-widget-text-editor\" data-id=\"5cfe330\" data-element_type=\"widget\" data-widget_type=\"text-editor.default\">\n\t\t\t\t<div class=\"elementor-widget-container\">\n\t\t\t\t\t\t\t<p>Die K\u00fcnstlerin, die das Sch\u00f6ne liebt, unterst\u00fctzt durch ihre Details, Formen und Farben ihrer Zeichnungen das Verst\u00e4ndnis und das Lernen der Texte.<\/p>\t\t\t\t\t\t<\/div>\n\t\t\t\t<\/div>\n\t\t\t\t<\/div>\n\t\t\t\t\t<\/div>\n\t\t\t\t<\/div>\n\t\t\t\t<\/div>","protected":false},"excerpt":{"rendered":"<p>Es ist die Geschichte zweier Freundinnen, die in Stra\u00dfburg wohnen: Nicole und Dominique, die zusammen einen wertvollen Lernmaterialentwurf kreierten.<\/p>","protected":false},"author":1,"featured_media":0,"parent":0,"menu_order":0,"comment_status":"closed","ping_status":"closed","template":"","meta":{"footnotes":""},"class_list":["post-1961","page","type-page","status-publish","hentry"],"yoast_head":"<!-- This site is optimized with the Yoast SEO plugin v23.4 - https:\/\/yoast.com\/wordpress\/plugins\/seo\/ -->\n<title>Die Sch\u00f6pferinnen: Nicole &amp; Dominique\u200b - Jeux Nicole Valdeli\u00e8vre<\/title>\n<meta name=\"description\" content=\"Geschichte zweier Freundinnen, die in Stra\u00dfburg wohnen: Nicole und Dominique, die zusammen einen wertvollen Lernmaterialentwurf kreierten\" \/>\n<meta name=\"robots\" content=\"index, follow, max-snippet:-1, max-image-preview:large, max-video-preview:-1\" \/>\n<link rel=\"canonical\" href=\"https:\/\/jeux-nicolevaldelievre.eu\/de\/die-schoepferinnen\/\" \/>\n<meta property=\"og:locale\" content=\"de_DE\" \/>\n<meta property=\"og:type\" content=\"article\" \/>\n<meta property=\"og:title\" content=\"Die Sch\u00f6pferinnen: Nicole &amp; Dominique\u200b - Jeux Nicole Valdeli\u00e8vre\" \/>\n<meta property=\"og:description\" content=\"Geschichte zweier Freundinnen, die in Stra\u00dfburg wohnen: Nicole und Dominique, die zusammen einen wertvollen Lernmaterialentwurf kreierten\" \/>\n<meta property=\"og:url\" content=\"https:\/\/jeux-nicolevaldelievre.eu\/de\/die-schoepferinnen\/\" \/>\n<meta property=\"og:site_name\" content=\"Jeux Nicole Valdeli\u00e8vre\" \/>\n<meta property=\"article:modified_time\" content=\"2023-06-14T18:58:21+00:00\" \/>\n<meta property=\"og:image\" content=\"https:\/\/jeux-nicolevaldelievre.eu\/wp-content\/uploads\/creatrices-nicole-valdelievre.jpg\" \/>\n<meta name=\"twitter:card\" content=\"summary_large_image\" \/>\n<meta name=\"twitter:label1\" content=\"Gesch\u00e4tzte Lesezeit\" \/>\n\t<meta name=\"twitter:data1\" content=\"1\u00a0Minute\" \/>\n<script type=\"application\/ld+json\" class=\"yoast-schema-graph\">{\"@context\":\"https:\/\/schema.org\",\"@graph\":[{\"@type\":\"WebPage\",\"@id\":\"https:\/\/jeux-nicolevaldelievre.eu\/de\/die-schoepferinnen\/\",\"url\":\"https:\/\/jeux-nicolevaldelievre.eu\/de\/die-schoepferinnen\/\",\"name\":\"Die Sch\u00f6pferinnen: Nicole & Dominique\u200b - Jeux Nicole Valdeli\u00e8vre\",\"isPartOf\":{\"@id\":\"https:\/\/jeux-nicolevaldelievre.eu\/de\/#website\"},\"primaryImageOfPage\":{\"@id\":\"https:\/\/jeux-nicolevaldelievre.eu\/de\/die-schoepferinnen\/#primaryimage\"},\"image\":{\"@id\":\"https:\/\/jeux-nicolevaldelievre.eu\/de\/die-schoepferinnen\/#primaryimage\"},\"thumbnailUrl\":\"https:\/\/jeux-nicolevaldelievre.eu\/wp-content\/uploads\/creatrices-nicole-valdelievre.jpg\",\"datePublished\":\"2023-04-29T07:39:17+00:00\",\"dateModified\":\"2023-06-14T18:58:21+00:00\",\"description\":\"Geschichte zweier Freundinnen, die in Stra\u00dfburg wohnen: Nicole und Dominique, die zusammen einen wertvollen Lernmaterialentwurf kreierten\",\"breadcrumb\":{\"@id\":\"https:\/\/jeux-nicolevaldelievre.eu\/de\/die-schoepferinnen\/#breadcrumb\"},\"inLanguage\":\"de\",\"potentialAction\":[{\"@type\":\"ReadAction\",\"target\":[\"https:\/\/jeux-nicolevaldelievre.eu\/de\/die-schoepferinnen\/\"]}]},{\"@type\":\"ImageObject\",\"inLanguage\":\"de\",\"@id\":\"https:\/\/jeux-nicolevaldelievre.eu\/de\/die-schoepferinnen\/#primaryimage\",\"url\":\"https:\/\/jeux-nicolevaldelievre.eu\/wp-content\/uploads\/creatrices-nicole-valdelievre.jpg\",\"contentUrl\":\"https:\/\/jeux-nicolevaldelievre.eu\/wp-content\/uploads\/creatrices-nicole-valdelievre.jpg\"},{\"@type\":\"BreadcrumbList\",\"@id\":\"https:\/\/jeux-nicolevaldelievre.eu\/de\/die-schoepferinnen\/#breadcrumb\",\"itemListElement\":[{\"@type\":\"ListItem\",\"position\":1,\"name\":\"Accueil\",\"item\":\"https:\/\/jeux-nicolevaldelievre.eu\/de\/\"},{\"@type\":\"ListItem\",\"position\":2,\"name\":\"Die Sch\u00f6pferinnen\"}]},{\"@type\":\"WebSite\",\"@id\":\"https:\/\/jeux-nicolevaldelievre.eu\/de\/#website\",\"url\":\"https:\/\/jeux-nicolevaldelievre.eu\/de\/\",\"name\":\"Jeux Nicole Valdeli\u00e8vre\",\"description\":\"Apprendre en jonglant avec les mots !\",\"publisher\":{\"@id\":\"https:\/\/jeux-nicolevaldelievre.eu\/de\/#organization\"},\"potentialAction\":[{\"@type\":\"SearchAction\",\"target\":{\"@type\":\"EntryPoint\",\"urlTemplate\":\"https:\/\/jeux-nicolevaldelievre.eu\/de\/?s={search_term_string}\"},\"query-input\":{\"@type\":\"PropertyValueSpecification\",\"valueRequired\":true,\"valueName\":\"search_term_string\"}}],\"inLanguage\":\"de\"},{\"@type\":\"Organization\",\"@id\":\"https:\/\/jeux-nicolevaldelievre.eu\/de\/#organization\",\"name\":\"Jeux Nicole Valdeli\u00e8vre\",\"url\":\"https:\/\/jeux-nicolevaldelievre.eu\/de\/\",\"logo\":{\"@type\":\"ImageObject\",\"inLanguage\":\"de\",\"@id\":\"https:\/\/jeux-nicolevaldelievre.eu\/de\/#\/schema\/logo\/image\/\",\"url\":\"https:\/\/jeux-nicolevaldelievre.eu\/wp-content\/uploads\/jeux-valdelievre-logo.svg\",\"contentUrl\":\"https:\/\/jeux-nicolevaldelievre.eu\/wp-content\/uploads\/jeux-valdelievre-logo.svg\",\"caption\":\"Jeux Nicole Valdeli\u00e8vre\"},\"image\":{\"@id\":\"https:\/\/jeux-nicolevaldelievre.eu\/de\/#\/schema\/logo\/image\/\"}}]}<\/script>\n<!-- \/ Yoast SEO plugin. -->","yoast_head_json":{"title":"Die Sch\u00f6pferinnen: Nicole & Dominique\u200b - Jeux Nicole Valdeli\u00e8vre","description":"Geschichte zweier Freundinnen, die in Stra\u00dfburg wohnen: Nicole und Dominique, die zusammen einen wertvollen Lernmaterialentwurf kreierten","robots":{"index":"index","follow":"follow","max-snippet":"max-snippet:-1","max-image-preview":"max-image-preview:large","max-video-preview":"max-video-preview:-1"},"canonical":"https:\/\/jeux-nicolevaldelievre.eu\/de\/die-schoepferinnen\/","og_locale":"de_DE","og_type":"article","og_title":"Die Sch\u00f6pferinnen: Nicole & Dominique\u200b - Jeux Nicole Valdeli\u00e8vre","og_description":"Geschichte zweier Freundinnen, die in Stra\u00dfburg wohnen: Nicole und Dominique, die zusammen einen wertvollen Lernmaterialentwurf kreierten","og_url":"https:\/\/jeux-nicolevaldelievre.eu\/de\/die-schoepferinnen\/","og_site_name":"Jeux Nicole Valdeli\u00e8vre","article_modified_time":"2023-06-14T18:58:21+00:00","og_image":[{"url":"https:\/\/jeux-nicolevaldelievre.eu\/wp-content\/uploads\/creatrices-nicole-valdelievre.jpg"}],"twitter_card":"summary_large_image","twitter_misc":{"Gesch\u00e4tzte Lesezeit":"1\u00a0Minute"},"schema":{"@context":"https:\/\/schema.org","@graph":[{"@type":"WebPage","@id":"https:\/\/jeux-nicolevaldelievre.eu\/de\/die-schoepferinnen\/","url":"https:\/\/jeux-nicolevaldelievre.eu\/de\/die-schoepferinnen\/","name":"Die Sch\u00f6pferinnen: Nicole & Dominique\u200b - Jeux Nicole Valdeli\u00e8vre","isPartOf":{"@id":"https:\/\/jeux-nicolevaldelievre.eu\/de\/#website"},"primaryImageOfPage":{"@id":"https:\/\/jeux-nicolevaldelievre.eu\/de\/die-schoepferinnen\/#primaryimage"},"image":{"@id":"https:\/\/jeux-nicolevaldelievre.eu\/de\/die-schoepferinnen\/#primaryimage"},"thumbnailUrl":"https:\/\/jeux-nicolevaldelievre.eu\/wp-content\/uploads\/creatrices-nicole-valdelievre.jpg","datePublished":"2023-04-29T07:39:17+00:00","dateModified":"2023-06-14T18:58:21+00:00","description":"Geschichte zweier Freundinnen, die in Stra\u00dfburg wohnen: Nicole und Dominique, die zusammen einen wertvollen Lernmaterialentwurf kreierten","breadcrumb":{"@id":"https:\/\/jeux-nicolevaldelievre.eu\/de\/die-schoepferinnen\/#breadcrumb"},"inLanguage":"de","potentialAction":[{"@type":"ReadAction","target":["https:\/\/jeux-nicolevaldelievre.eu\/de\/die-schoepferinnen\/"]}]},{"@type":"ImageObject","inLanguage":"de","@id":"https:\/\/jeux-nicolevaldelievre.eu\/de\/die-schoepferinnen\/#primaryimage","url":"https:\/\/jeux-nicolevaldelievre.eu\/wp-content\/uploads\/creatrices-nicole-valdelievre.jpg","contentUrl":"https:\/\/jeux-nicolevaldelievre.eu\/wp-content\/uploads\/creatrices-nicole-valdelievre.jpg"},{"@type":"BreadcrumbList","@id":"https:\/\/jeux-nicolevaldelievre.eu\/de\/die-schoepferinnen\/#breadcrumb","itemListElement":[{"@type":"ListItem","position":1,"name":"Accueil","item":"https:\/\/jeux-nicolevaldelievre.eu\/de\/"},{"@type":"ListItem","position":2,"name":"Die Sch\u00f6pferinnen"}]},{"@type":"WebSite","@id":"https:\/\/jeux-nicolevaldelievre.eu\/de\/#website","url":"https:\/\/jeux-nicolevaldelievre.eu\/de\/","name":"Jeux Nicole Valdeli\u00e8vre","description":"Apprendre en jonglant avec les mots !","publisher":{"@id":"https:\/\/jeux-nicolevaldelievre.eu\/de\/#organization"},"potentialAction":[{"@type":"SearchAction","target":{"@type":"EntryPoint","urlTemplate":"https:\/\/jeux-nicolevaldelievre.eu\/de\/?s={search_term_string}"},"query-input":{"@type":"PropertyValueSpecification","valueRequired":true,"valueName":"search_term_string"}}],"inLanguage":"de"},{"@type":"Organization","@id":"https:\/\/jeux-nicolevaldelievre.eu\/de\/#organization","name":"Jeux Nicole Valdeli\u00e8vre","url":"https:\/\/jeux-nicolevaldelievre.eu\/de\/","logo":{"@type":"ImageObject","inLanguage":"de","@id":"https:\/\/jeux-nicolevaldelievre.eu\/de\/#\/schema\/logo\/image\/","url":"https:\/\/jeux-nicolevaldelievre.eu\/wp-content\/uploads\/jeux-valdelievre-logo.svg","contentUrl":"https:\/\/jeux-nicolevaldelievre.eu\/wp-content\/uploads\/jeux-valdelievre-logo.svg","caption":"Jeux Nicole Valdeli\u00e8vre"},"image":{"@id":"https:\/\/jeux-nicolevaldelievre.eu\/de\/#\/schema\/logo\/image\/"}}]}},"_links":{"self":[{"href":"https:\/\/jeux-nicolevaldelievre.eu\/de\/wp-json\/wp\/v2\/pages\/1961","targetHints":{"allow":["GET"]}}],"collection":[{"href":"https:\/\/jeux-nicolevaldelievre.eu\/de\/wp-json\/wp\/v2\/pages"}],"about":[{"href":"https:\/\/jeux-nicolevaldelievre.eu\/de\/wp-json\/wp\/v2\/types\/page"}],"author":[{"embeddable":true,"href":"https:\/\/jeux-nicolevaldelievre.eu\/de\/wp-json\/wp\/v2\/users\/1"}],"replies":[{"embeddable":true,"href":"https:\/\/jeux-nicolevaldelievre.eu\/de\/wp-json\/wp\/v2\/comments?post=1961"}],"version-history":[{"count":10,"href":"https:\/\/jeux-nicolevaldelievre.eu\/de\/wp-json\/wp\/v2\/pages\/1961\/revisions"}],"predecessor-version":[{"id":2246,"href":"https:\/\/jeux-nicolevaldelievre.eu\/de\/wp-json\/wp\/v2\/pages\/1961\/revisions\/2246"}],"wp:attachment":[{"href":"https:\/\/jeux-nicolevaldelievre.eu\/de\/wp-json\/wp\/v2\/media?parent=1961"}],"curies":[{"name":"wp","href":"https:\/\/api.w.org\/{rel}","templated":true}]}}